{"id":462,"date":"2020-02-06T10:47:52","date_gmt":"2020-02-06T10:47:52","guid":{"rendered":"https:\/\/litho.themezaa.com\/?page_id=462"},"modified":"2024-10-09T15:47:03","modified_gmt":"2024-10-09T19:47:03","slug":"case-studies","status":"publish","type":"page","link":"https:\/\/agenceagileai.com\/en\/case-studies\/","title":{"rendered":"Case studies"},"content":{"rendered":"\t\t<div data-elementor-type=\"wp-page\" data-elementor-id=\"462\" class=\"elementor elementor-462\" data-elementor-post-type=\"page\">\n\t\t\t\t\t\t<section class=\"elementor-section elementor-top-section elementor-element elementor-element-fadc6a9 elementor-section-boxed elementor-section-height-default elementor-section-height-default\" data-id=\"fadc6a9\" data-element_type=\"section\" data-e-type=\"section\" data-settings=\"{&quot;background_background&quot;:&quot;classic&quot;}\">\n\t\t\t\t\t\t<div class=\"elementor-container elementor-column-gap-default\">\n\t\t\t\t\t<div class=\" elementor-column elementor-col-100 elementor-top-column elementor-element elementor-element-258749e\" data-fullscreen-column-settings=\"{&quot;fullscreen&quot;:&quot;&quot;}\" data-id=\"258749e\" data-element_type=\"column\" data-e-type=\"column\">\n\t\t\t<div class=\"elementor-widget-wrap elementor-element-populated\">\n\t\t\t\t\t\t<section class=\"elementor-section elementor-inner-section elementor-element elementor-element-a86aa6e elementor-section-boxed elementor-section-height-default elementor-section-height-default\" data-id=\"a86aa6e\" data-element_type=\"section\" data-e-type=\"section\">\n\t\t\t\t\t\t<div class=\"elementor-container elementor-column-gap-default\">\n\t\t\t\t\t<div class=\" elementor-column elementor-col-100 elementor-inner-column elementor-element elementor-element-8bd7a40 elementor-invisible\" data-fullscreen-column-settings=\"{&quot;fullscreen&quot;:&quot;&quot;}\" data-id=\"8bd7a40\" data-element_type=\"column\" data-e-type=\"column\" data-settings=\"{&quot;animation&quot;:&quot;fadeIn&quot;}\">\n\t\t\t<div class=\"elementor-widget-wrap elementor-element-populated\">\n\t\t\t\t\t\t<div class=\"elementor-element elementor-element-d6fb47e elementor-hidden-desktop elementor-hidden-tablet elementor-hidden-mobile elementor-widget elementor-widget-litho-heading\" data-id=\"d6fb47e\" data-element_type=\"widget\" data-e-type=\"widget\" data-widget_type=\"litho-heading.default\">\n\t\t\t\t<div class=\"elementor-widget-container\">\n\t\t\t\t\t<span class=\"litho-heading elementor-size-default\"><span class=\"litho-primary-title\">OUR PREMIUM SERVICES\n<\/span><\/span>\t\t\t\t<\/div>\n\t\t\t\t<\/div>\n\t\t\t\t<div class=\"elementor-element elementor-element-b7f32dd elementor-widget elementor-widget-litho-heading\" data-id=\"b7f32dd\" data-element_type=\"widget\" data-e-type=\"widget\" data-widget_type=\"litho-heading.default\">\n\t\t\t\t<div class=\"elementor-widget-container\">\n\t\t\t\t\t<h1 class=\"litho-heading elementor-size-default\"><span class=\"litho-primary-title\">AI Projects with Measurable Impact<\/span><\/h1>\t\t\t\t<\/div>\n\t\t\t\t<\/div>\n\t\t\t\t\t<\/div>\n\t\t<\/div>\n\t\t\t\t\t<\/div>\n\t\t<\/section>\n\t\t\t\t\t<\/div>\n\t\t<\/div>\n\t\t\t\t\t<\/div>\n\t\t<\/section>\n\t\t\t\t<section class=\"elementor-section elementor-top-section elementor-element elementor-element-6118639 elementor-section-boxed elementor-section-height-default elementor-section-height-default\" data-id=\"6118639\" data-element_type=\"section\" data-e-type=\"section\" data-settings=\"{&quot;background_background&quot;:&quot;classic&quot;}\">\n\t\t\t\t\t\t<div class=\"elementor-container elementor-column-gap-default\">\n\t\t\t\t\t<div class=\" elementor-column elementor-col-100 elementor-top-column elementor-element elementor-element-668fe83 animated-slow elementor-invisible\" data-fullscreen-column-settings=\"{&quot;fullscreen&quot;:&quot;&quot;}\" data-id=\"668fe83\" data-element_type=\"column\" data-e-type=\"column\" data-settings=\"{&quot;animation&quot;:&quot;fadeIn&quot;,&quot;animation_delay&quot;:50}\">\n\t\t\t<div class=\"elementor-widget-wrap elementor-element-populated\">\n\t\t\t\t\t\t<div class=\"elementor-element elementor-element-ee1807d elementor-widget elementor-widget-litho-blog-list\" data-id=\"ee1807d\" data-element_type=\"widget\" data-e-type=\"widget\" data-settings=\"{&quot;litho_blog_style&quot;:&quot;blog-side-image&quot;}\" data-widget_type=\"litho-blog-list.default\">\n\t\t\t\t<div class=\"elementor-widget-container\">\n\t\t\t\t\t\t\t\t\t<ul data-uniqueid=\"litho-blog-1\" class=\"grid litho-blog-list litho-blog-1 blog-side-image \" data-blog-settings=\"{&quot;pagination_type&quot;:&quot;&quot;}\">\n\t\t\t\t\t<li class=\"grid-item grid-gutter blog-filter-93 blog-filter-94 blog-filter-87 post-75056 etudes-de-cas type-etudes-de-cas status-publish has-post-thumbnail hentry category-management category-retailers category-sales\"><div class=\"blog-post   d-flex flex-column flex-md-row align-items-center\"><div class=\"blog-post-images\"> <a href=\"https:\/\/agenceagileai.com\/en\/case-studies\/artificial-intelligence-pricing-workforce-optimisation\/\" target=\"_self\"><img fetchpriority=\"high\" decoding=\"async\" width=\"436\" height=\"613\" src=\"https:\/\/agenceagileai.com\/wp-content\/uploads\/2024\/10\/ameliorer-gestion-equipes-prix.png\" class=\"attachment-full size-full wp-post-image\" alt=\"ameliorer-gestion-equipes-prix\" srcset=\"https:\/\/agenceagileai.com\/wp-content\/uploads\/2024\/10\/ameliorer-gestion-equipes-prix.png 436w, https:\/\/agenceagileai.com\/wp-content\/uploads\/2024\/10\/ameliorer-gestion-equipes-prix-213x300.png 213w, https:\/\/agenceagileai.com\/wp-content\/uploads\/2024\/10\/ameliorer-gestion-equipes-prix-200x281.png 200w\" sizes=\"(max-width: 436px) 100vw, 436px\" \/><span class=\"screen-reader-text\">AI in Pricing, Workforce and Inventory Management for a Grocery Retailer<\/span><\/a><\/div><div class=\"post-details\">\t\t\t\t\t\t\t\t\t\t\t\t\t\t<a href=\"https:\/\/agenceagileai.com\/en\/case-studies\/artificial-intelligence-pricing-workforce-optimisation\/\" target=\"_self\" class=\"entry-title\">AI in Pricing, Workforce and Inventory Management for a Grocery Retailer<\/a>\n\t\t\t\t\t\t\t\t\t\t\t\t\t\t\t\t\t\t\t\t\t\t\t\t\t\t\t<div class=\"entry-content\">Our AI optimizes workforce and pricing management for over 2000 products in the retail sector \u2013 dynamic forecasting...<\/div>\n\t\t\t\t\t\t\t\t\t\t\t\t\t\t<\/div><\/div><\/li><li class=\"grid-item grid-gutter blog-filter-92 blog-filter-94 blog-filter-87 post-75040 etudes-de-cas type-etudes-de-cas status-publish has-post-thumbnail hentry category-customers category-retailers category-sales\"><div class=\"blog-post   d-flex flex-column flex-md-row align-items-center\"><div class=\"blog-post-images\"> <a href=\"https:\/\/agenceagileai.com\/en\/case-studies\/ai-optimizing-sale-loyalty\/\" target=\"_self\"><img decoding=\"async\" width=\"436\" height=\"613\" src=\"https:\/\/agenceagileai.com\/wp-content\/uploads\/2024\/10\/ameliorer-ventes-grace-IA.png\" class=\"attachment-full size-full wp-post-image\" alt=\"ameliorer-ventes-grace-IA\" srcset=\"https:\/\/agenceagileai.com\/wp-content\/uploads\/2024\/10\/ameliorer-ventes-grace-IA.png 436w, https:\/\/agenceagileai.com\/wp-content\/uploads\/2024\/10\/ameliorer-ventes-grace-IA-213x300.png 213w, https:\/\/agenceagileai.com\/wp-content\/uploads\/2024\/10\/ameliorer-ventes-grace-IA-200x281.png 200w\" sizes=\"(max-width: 436px) 100vw, 436px\" \/><span class=\"screen-reader-text\">Optimizing Sales and Customer Loyalty with Artificial Intelligence<\/span><\/a><\/div><div class=\"post-details\">\t\t\t\t\t\t\t\t\t\t\t\t\t\t<a href=\"https:\/\/agenceagileai.com\/en\/case-studies\/ai-optimizing-sale-loyalty\/\" target=\"_self\" class=\"entry-title\">Optimizing Sales and Customer Loyalty with Artificial Intelligence<\/a>\n\t\t\t\t\t\t\t\t\t\t\t\t\t\t\t\t\t\t\t\t\t\t\t\t\t\t\t<div class=\"entry-content\">Learn how our AI solutions improve sales management and customer loyalty in the retail and energy sector.<\/div>\n\t\t\t\t\t\t\t\t\t\t\t\t\t\t<\/div><\/div><\/li><li class=\"grid-item grid-gutter blog-filter-85 blog-filter-85 blog-filter-86 blog-filter-86 blog-filter-87 blog-filter-87 post-74865 etudes-de-cas type-etudes-de-cas status-publish has-post-thumbnail hentry category-banking category-finance category-sales\"><div class=\"blog-post   d-flex flex-column flex-md-row align-items-center\"><div class=\"blog-post-images\"> <a href=\"https:\/\/agenceagileai.com\/en\/case-studies\/finance\/\" target=\"_self\"><img decoding=\"async\" width=\"436\" height=\"613\" src=\"https:\/\/agenceagileai.com\/wp-content\/uploads\/2024\/09\/ameliorer-ventes-IA.png\" class=\"attachment-full size-full wp-post-image\" alt=\"ameliorer-ventes-IA\" srcset=\"https:\/\/agenceagileai.com\/wp-content\/uploads\/2024\/09\/ameliorer-ventes-IA.png 436w, https:\/\/agenceagileai.com\/wp-content\/uploads\/2024\/09\/ameliorer-ventes-IA-213x300.png 213w, https:\/\/agenceagileai.com\/wp-content\/uploads\/2024\/09\/ameliorer-ventes-IA-200x281.png 200w\" sizes=\"(max-width: 436px) 100vw, 436px\" \/><span class=\"screen-reader-text\">Artificial Intelligence in Banking and Finance<\/span><\/a><\/div><div class=\"post-details\">\t\t\t\t\t\t\t\t\t\t\t\t\t\t<a href=\"https:\/\/agenceagileai.com\/en\/case-studies\/finance\/\" target=\"_self\" class=\"entry-title\">Artificial Intelligence in Banking and Finance<\/a>\n\t\t\t\t\t\t\t\t\t\t\t\t\t\t\t\t\t\t\t\t\t\t\t\t\t\t\t<div class=\"entry-content\">Our clients in the banking industry maximize their profits thanks to predictive AI models customized to anticipate the...<\/div>\n\t\t\t\t\t\t\t\t\t\t\t\t\t\t<\/div><\/div><\/li>\t\t\t\t<\/ul>\n\t\t\t\t\t\t\t\t<\/div>\n\t\t\t\t<\/div>\n\t\t\t\t\t<\/div>\n\t\t<\/div>\n\t\t\t\t\t<\/div>\n\t\t<\/section>\n\t\t\t\t<section class=\"elementor-section elementor-top-section elementor-element elementor-element-6f68eb9 elementor-section-content-middle elementor-section-boxed elementor-section-height-default elementor-section-height-default elementor-invisible\" data-id=\"6f68eb9\" data-element_type=\"section\" data-e-type=\"section\" data-settings=\"{&quot;animation&quot;:&quot;fadeIn&quot;}\">\n\t\t\t\t\t\t<div class=\"elementor-container elementor-column-gap-default\">\n\t\t\t\t\t<div class=\" elementor-column elementor-col-100 elementor-top-column elementor-element elementor-element-8e3fd5e\" data-fullscreen-column-settings=\"{&quot;fullscreen&quot;:&quot;&quot;}\" data-id=\"8e3fd5e\" data-element_type=\"column\" data-e-type=\"column\">\n\t\t\t<div class=\"elementor-widget-wrap elementor-element-populated\">\n\t\t\t\t\t\t<div class=\"elementor-element elementor-element-d1ea946 elementor-widget elementor-widget-template\" data-id=\"d1ea946\" data-element_type=\"widget\" data-e-type=\"widget\" data-widget_type=\"template.default\">\n\t\t\t\t<div class=\"elementor-widget-container\">\n\t\t\t\t\t\t\t<div class=\"elementor-template\">\n\t\t\t\t\t<div data-elementor-type=\"section\" data-elementor-id=\"74868\" class=\"elementor elementor-74868 elementor-74867 elementor-74867\" data-elementor-post-type=\"elementor_library\">\n\t\t\t\t\t<section class=\"elementor-section elementor-top-section elementor-element elementor-element-65ca4c7 elementor-section-content-middle elementor-section-boxed elementor-section-height-default elementor-section-height-default elementor-invisible\" data-id=\"65ca4c7\" data-element_type=\"section\" data-e-type=\"section\" data-settings=\"{&quot;animation&quot;:&quot;fadeIn&quot;}\">\n\t\t\t\t\t\t<div class=\"elementor-container elementor-column-gap-default\">\n\t\t\t\t\t<div class=\" elementor-column elementor-col-66 elementor-top-column elementor-element elementor-element-3feafb9 elementor-invisible\" data-fullscreen-column-settings=\"{&quot;fullscreen&quot;:&quot;&quot;}\" data-id=\"3feafb9\" data-element_type=\"column\" data-e-type=\"column\" data-settings=\"{&quot;animation&quot;:&quot;fadeIn&quot;,&quot;animation_delay&quot;:100}\">\n\t\t\t<div class=\"elementor-widget-wrap elementor-element-populated\">\n\t\t\t\t\t\t<div class=\"elementor-element elementor-element-dbd3230 elementor-widget elementor-widget-litho-heading\" data-id=\"dbd3230\" data-element_type=\"widget\" data-e-type=\"widget\" data-widget_type=\"litho-heading.default\">\n\t\t\t\t<div class=\"elementor-widget-container\">\n\t\t\t\t\t<span class=\"litho-heading elementor-size-default\"><span class=\"litho-primary-title\">Contact Our Experts<\/span><\/span>\t\t\t\t<\/div>\n\t\t\t\t<\/div>\n\t\t\t\t<div class=\"elementor-element elementor-element-9f1a38f elementor-widget elementor-widget-litho-heading\" data-id=\"9f1a38f\" data-element_type=\"widget\" data-e-type=\"widget\" data-widget_type=\"litho-heading.default\">\n\t\t\t\t<div class=\"elementor-widget-container\">\n\t\t\t\t\t<h2 class=\"litho-heading elementor-size-default\"><span class=\"litho-primary-title\">AI<\/span><span class=\"litho-secondary-title\"> at Your Service<\/span><\/h2>\t\t\t\t<\/div>\n\t\t\t\t<\/div>\n\t\t\t\t\t<\/div>\n\t\t<\/div>\n\t\t\t\t<div class=\" elementor-column elementor-col-33 elementor-top-column elementor-element elementor-element-1561f8a elementor-invisible\" data-fullscreen-column-settings=\"{&quot;fullscreen&quot;:&quot;&quot;}\" data-id=\"1561f8a\" data-element_type=\"column\" data-e-type=\"column\" data-settings=\"{&quot;animation&quot;:&quot;fadeIn&quot;,&quot;animation_delay&quot;:200}\">\n\t\t\t<div class=\"elementor-widget-wrap elementor-element-populated\">\n\t\t\t\t\t\t<div class=\"elementor-element elementor-element-a9ac324 elementor-mobile-align-center elementor-widget elementor-widget-button\" data-id=\"a9ac324\" data-element_type=\"widget\" data-e-type=\"widget\" data-widget_type=\"button.default\">\n\t\t\t\t<div class=\"elementor-widget-container\">\n\t\t\t\t\t\t\t\t\t<div class=\"elementor-button-wrapper\">\n\t\t\t\t\t<a class=\"elementor-button elementor-button-link elementor-size-lg\" href=\"\/en\/contact\/\">\n\t\t\t\t\t\t<span class=\"elementor-button-content-wrapper\">\n\t\t\t\t\t\t\t\t\t<span class=\"elementor-button-text\">Let\u2019s Collaborate<\/span>\n\t\t\t\t\t<\/span>\n\t\t\t\t\t<\/a>\n\t\t\t\t<\/div>\n\t\t\t\t\t\t\t\t<\/div>\n\t\t\t\t<\/div>\n\t\t\t\t\t<\/div>\n\t\t<\/div>\n\t\t\t\t\t<\/div>\n\t\t<\/section>\n\t\t\t\t<\/div>\n\t\t\t\t<\/div>\n\t\t\t\t\t\t<\/div>\n\t\t\t\t<\/div>\n\t\t\t\t\t<\/div>\n\t\t<\/div>\n\t\t\t\t\t<\/div>\n\t\t<\/section>\n\t\t\t\t<\/div>\n\t\t","protected":false},"excerpt":{"rendered":"<p>OUR PREMIUM SERVICES AI Projects with Measurable Impact L\u2019intelligence artificielle dans les secteurs bancaire et financier Dans le secteur bancaire, nos clients maximisent leurs profits gr\u00e2ce \u00e0 des mod\u00e8les d\u2019IA pr\u00e9dictifs d\u00e9velopp\u00e9s sur mesure&#8230;<\/p>\n","protected":false},"author":2,"featured_media":0,"parent":0,"menu_order":44,"comment_status":"closed","ping_status":"closed","template":"","meta":{"_acf_changed":false,"footnotes":""},"class_list":["post-462","page","type-page","status-publish","hentry"],"acf":[],"yoast_head":"<!-- This site is optimized with the Yoast SEO plugin v27.5 - https:\/\/yoast.com\/product\/yoast-seo-wordpress\/ -->\n<title>agileAI Consulting | Business AI Projects<\/title>\n<meta name=\"description\" content=\"Boost your sales, plan better decisions and simplify your operations with artificial intelligence solutions developed by AI experts at agileAI.\" \/>\n<meta name=\"robots\" content=\"index, follow, max-snippet:-1, max-image-preview:large, max-video-preview:-1\" \/>\n<link rel=\"canonical\" href=\"https:\/\/agenceagileai.com\/en\/case-studies\/\" \/>\n<meta property=\"og:locale\" content=\"en_US\" \/>\n<meta property=\"og:type\" content=\"article\" \/>\n<meta property=\"og:title\" content=\"agileAI Consulting | Business AI Projects\" \/>\n<meta property=\"og:description\" content=\"Boost your sales, plan better decisions and simplify your operations with artificial intelligence solutions developed by AI experts at agileAI.\" \/>\n<meta property=\"og:url\" content=\"https:\/\/agenceagileai.com\/en\/case-studies\/\" \/>\n<meta property=\"og:site_name\" content=\"Agence agileAI\" \/>\n<meta property=\"article:modified_time\" content=\"2024-10-09T19:47:03+00:00\" \/>\n<meta property=\"og:image\" content=\"https:\/\/agileaistg.wpenginepowered.com\/wp-content\/uploads\/2024\/09\/1_header_img.jpg\" \/>\n<meta name=\"twitter:card\" content=\"summary_large_image\" \/>\n<script type=\"application\/ld+json\" class=\"yoast-schema-graph\">{\"@context\":\"https:\\\/\\\/schema.org\",\"@graph\":[{\"@type\":\"WebPage\",\"@id\":\"https:\\\/\\\/agenceagileai.com\\\/en\\\/case-studies\\\/\",\"url\":\"https:\\\/\\\/agenceagileai.com\\\/en\\\/case-studies\\\/\",\"name\":\"agileAI Consulting | Business AI Projects\",\"isPartOf\":{\"@id\":\"https:\\\/\\\/agileaistg.wpenginepowered.com\\\/#website\"},\"primaryImageOfPage\":{\"@id\":\"https:\\\/\\\/agenceagileai.com\\\/en\\\/case-studies\\\/#primaryimage\"},\"image\":{\"@id\":\"https:\\\/\\\/agenceagileai.com\\\/en\\\/case-studies\\\/#primaryimage\"},\"thumbnailUrl\":\"https:\\\/\\\/agenceagileai.com\\\/wp-content\\\/uploads\\\/2024\\\/09\\\/1_header_img.jpg\",\"datePublished\":\"2020-02-06T10:47:52+00:00\",\"dateModified\":\"2024-10-09T19:47:03+00:00\",\"description\":\"Boost your sales, plan better decisions and simplify your operations with artificial intelligence solutions developed by AI experts at agileAI.\",\"breadcrumb\":{\"@id\":\"https:\\\/\\\/agenceagileai.com\\\/en\\\/case-studies\\\/#breadcrumb\"},\"inLanguage\":\"en-US\",\"potentialAction\":[{\"@type\":\"ReadAction\",\"target\":[\"https:\\\/\\\/agenceagileai.com\\\/en\\\/case-studies\\\/\"]}]},{\"@type\":\"ImageObject\",\"inLanguage\":\"en-US\",\"@id\":\"https:\\\/\\\/agenceagileai.com\\\/en\\\/case-studies\\\/#primaryimage\",\"url\":\"https:\\\/\\\/agenceagileai.com\\\/wp-content\\\/uploads\\\/2024\\\/09\\\/1_header_img.jpg\",\"contentUrl\":\"https:\\\/\\\/agenceagileai.com\\\/wp-content\\\/uploads\\\/2024\\\/09\\\/1_header_img.jpg\"},{\"@type\":\"BreadcrumbList\",\"@id\":\"https:\\\/\\\/agenceagileai.com\\\/en\\\/case-studies\\\/#breadcrumb\",\"itemListElement\":[{\"@type\":\"ListItem\",\"position\":1,\"name\":\"Home\",\"item\":\"https:\\\/\\\/agileaistg.wpenginepowered.com\\\/en\\\/\"},{\"@type\":\"ListItem\",\"position\":2,\"name\":\"Case studies\"}]},{\"@type\":\"WebSite\",\"@id\":\"https:\\\/\\\/agileaistg.wpenginepowered.com\\\/#website\",\"url\":\"https:\\\/\\\/agileaistg.wpenginepowered.com\\\/\",\"name\":\"Agence agileAI\",\"description\":\"\",\"potentialAction\":[{\"@type\":\"SearchAction\",\"target\":{\"@type\":\"EntryPoint\",\"urlTemplate\":\"https:\\\/\\\/agileaistg.wpenginepowered.com\\\/?s={search_term_string}\"},\"query-input\":{\"@type\":\"PropertyValueSpecification\",\"valueRequired\":true,\"valueName\":\"search_term_string\"}}],\"inLanguage\":\"en-US\"}]}<\/script>\n<!-- \/ Yoast SEO plugin. -->","yoast_head_json":{"title":"agileAI Consulting | Business AI Projects","description":"Boost your sales, plan better decisions and simplify your operations with artificial intelligence solutions developed by AI experts at agileAI.","robots":{"index":"index","follow":"follow","max-snippet":"max-snippet:-1","max-image-preview":"max-image-preview:large","max-video-preview":"max-video-preview:-1"},"canonical":"https:\/\/agenceagileai.com\/en\/case-studies\/","og_locale":"en_US","og_type":"article","og_title":"agileAI Consulting | Business AI Projects","og_description":"Boost your sales, plan better decisions and simplify your operations with artificial intelligence solutions developed by AI experts at agileAI.","og_url":"https:\/\/agenceagileai.com\/en\/case-studies\/","og_site_name":"Agence agileAI","article_modified_time":"2024-10-09T19:47:03+00:00","og_image":[{"url":"https:\/\/agileaistg.wpenginepowered.com\/wp-content\/uploads\/2024\/09\/1_header_img.jpg","type":"","width":"","height":""}],"twitter_card":"summary_large_image","schema":{"@context":"https:\/\/schema.org","@graph":[{"@type":"WebPage","@id":"https:\/\/agenceagileai.com\/en\/case-studies\/","url":"https:\/\/agenceagileai.com\/en\/case-studies\/","name":"agileAI Consulting | Business AI Projects","isPartOf":{"@id":"https:\/\/agileaistg.wpenginepowered.com\/#website"},"primaryImageOfPage":{"@id":"https:\/\/agenceagileai.com\/en\/case-studies\/#primaryimage"},"image":{"@id":"https:\/\/agenceagileai.com\/en\/case-studies\/#primaryimage"},"thumbnailUrl":"https:\/\/agenceagileai.com\/wp-content\/uploads\/2024\/09\/1_header_img.jpg","datePublished":"2020-02-06T10:47:52+00:00","dateModified":"2024-10-09T19:47:03+00:00","description":"Boost your sales, plan better decisions and simplify your operations with artificial intelligence solutions developed by AI experts at agileAI.","breadcrumb":{"@id":"https:\/\/agenceagileai.com\/en\/case-studies\/#breadcrumb"},"inLanguage":"en-US","potentialAction":[{"@type":"ReadAction","target":["https:\/\/agenceagileai.com\/en\/case-studies\/"]}]},{"@type":"ImageObject","inLanguage":"en-US","@id":"https:\/\/agenceagileai.com\/en\/case-studies\/#primaryimage","url":"https:\/\/agenceagileai.com\/wp-content\/uploads\/2024\/09\/1_header_img.jpg","contentUrl":"https:\/\/agenceagileai.com\/wp-content\/uploads\/2024\/09\/1_header_img.jpg"},{"@type":"BreadcrumbList","@id":"https:\/\/agenceagileai.com\/en\/case-studies\/#breadcrumb","itemListElement":[{"@type":"ListItem","position":1,"name":"Home","item":"https:\/\/agileaistg.wpenginepowered.com\/en\/"},{"@type":"ListItem","position":2,"name":"Case studies"}]},{"@type":"WebSite","@id":"https:\/\/agileaistg.wpenginepowered.com\/#website","url":"https:\/\/agileaistg.wpenginepowered.com\/","name":"Agence agileAI","description":"","potentialAction":[{"@type":"SearchAction","target":{"@type":"EntryPoint","urlTemplate":"https:\/\/agileaistg.wpenginepowered.com\/?s={search_term_string}"},"query-input":{"@type":"PropertyValueSpecification","valueRequired":true,"valueName":"search_term_string"}}],"inLanguage":"en-US"}]}},"_links":{"self":[{"href":"https:\/\/agenceagileai.com\/en\/wp-json\/wp\/v2\/pages\/462","targetHints":{"allow":["GET"]}}],"collection":[{"href":"https:\/\/agenceagileai.com\/en\/wp-json\/wp\/v2\/pages"}],"about":[{"href":"https:\/\/agenceagileai.com\/en\/wp-json\/wp\/v2\/types\/page"}],"author":[{"embeddable":true,"href":"https:\/\/agenceagileai.com\/en\/wp-json\/wp\/v2\/users\/2"}],"replies":[{"embeddable":true,"href":"https:\/\/agenceagileai.com\/en\/wp-json\/wp\/v2\/comments?post=462"}],"version-history":[{"count":0,"href":"https:\/\/agenceagileai.com\/en\/wp-json\/wp\/v2\/pages\/462\/revisions"}],"wp:attachment":[{"href":"https:\/\/agenceagileai.com\/en\/wp-json\/wp\/v2\/media?parent=462"}],"curies":[{"name":"wp","href":"https:\/\/api.w.org\/{rel}","templated":true}]}}